{"id":1701,"date":"2019-03-19T10:28:19","date_gmt":"2019-03-19T10:28:19","guid":{"rendered":"https:\/\/ovwg.sonicseven.net\/imprint\/"},"modified":"2026-02-16T20:10:05","modified_gmt":"2026-02-16T18:10:05","slug":"imprint","status":"publish","type":"page","link":"https:\/\/www.ovwg.at\/en\/imprint\/","title":{"rendered":"Imprint"},"content":{"rendered":"<div class=\"fusion-fullwidth fullwidth-box fusion-builder-row-1 nonhundred-percent-fullwidth non-hundred-percent-height-scrolling\" style=\"--awb-border-radius-top-left:0px;--awb-border-radius-top-right:0px;--awb-border-radius-bottom-right:0px;--awb-border-radius-bottom-left:0px;--awb-flex-wrap:wrap;\" ><div class=\"fusion-builder-row fusion-row\"><div class=\"fusion-layout-column fusion_builder_column fusion-builder-column-0 fusion_builder_column_1_1 1_1 fusion-one-full fusion-column-first fusion-column-last\" style=\"--awb-bg-size:cover;--awb-margin-bottom:0px;\"><div class=\"fusion-column-wrapper fusion-flex-column-wrapper-legacy\"><div class=\"fusion-text fusion-text-1\"><h3>Disclosure in accordance with the Austrian E-Commerce Act, the Commercial Code and the Media Act<\/h3>\n<p><strong>\u00d6sterreichische Vereinigung f\u00fcr Wetten und Gl\u00fccksspiel<\/strong><br \/>\nGetreidemarkt 11<br \/>\n1060 Vienna<br \/>\nAustria<\/p>\n<p>Tel.: +43 1 934 63 08<br \/>\nWeb: <a href=\"https:\/\/www.ovwg.at\/en\/\">www.ovwg.at<\/a><br \/>\nMail: <span id=\"cloakaea9afc3bad59634691f4dea0291f3d4\"><a href=\"mailto:info@ovwg.at\">info@ovwg.at<\/a><\/span><\/p>\n<p><strong>Central association register number (ZVR-number)<\/strong>:<br \/>\n695024560<\/p>\n<p><strong>Supervisory body<\/strong><br \/>\nVienna Police Department and the Austrian Ministry of the Interior<\/p>\n<p><strong>Reference to professional rights and duties as well as access thereto:<\/strong><br \/>\n<a href=\"https:\/\/www.bmi.gv.at\/cms\/bmi_vereinswesen\" target=\"_blank\" rel=\"noopener noreferrer\">https:\/\/www.bmi.gv.at\/cms\/bmi_vereinswesen<\/a><\/p>\n<p><strong>Value added tax identification number (VAT-number):<\/strong><br \/>\nATU71411046<\/p>\n<p><strong>Authorized organ for representation:<\/strong><br \/>\nPresident of the Association: Mag. Simon Priglinger-Simader<\/p>\n<p><strong>Purpose of the Association:<\/strong><br \/>\nRepresentation in the interest of the Association and the Association&#8217;s members; achieving an EU-compliant re-regulation of betting and gambling in Austria<\/p>\n<p><strong>Our aim:<\/strong><br \/>\nGeneral information regarding the re-regulation of betting and gambling in Austria<\/p>\n<p><strong>Limitation of liability:<\/strong><br \/>\nPlease note that all information provided on this website is exclusively intended for information purposes and does neither constitute nor replace legal assistance or advice.<br \/>\nThe service provider cannot assume any guarantee for the accuracy or integrity of the provided information. Neither can he be held accountable for the content of any other internet pages of external origin. Any liability claims directed towards the service provider regarding the use of this information are excluded, so far as this is legally permitted.<\/p>\n<\/div><div class=\"fusion-clearfix\"><\/div><\/div><\/div><\/div><\/div>\n","protected":false},"excerpt":{"rendered":"","protected":false},"author":1,"featured_media":0,"parent":0,"menu_order":0,"comment_status":"closed","ping_status":"closed","template":"","meta":{"_monsterinsights_skip_tracking":false,"_monsterinsights_sitenote_active":false,"_monsterinsights_sitenote_note":"","_monsterinsights_sitenote_category":0,"footnotes":""},"class_list":["post-1701","page","type-page","status-publish","hentry"],"acf":[],"yoast_head":"<!-- This site is optimized with the Yoast SEO plugin v27.5 - https:\/\/yoast.com\/product\/yoast-seo-wordpress\/ -->\n<title>Imprint - OVWG - \u00d6sterreichische Vereinigung f\u00fcr Wetten &amp; Gl\u00fccksspiel<\/title>\n<meta name=\"robots\" content=\"index, follow, max-snippet:-1, max-image-preview:large, max-video-preview:-1\" \/>\n<link rel=\"canonical\" href=\"https:\/\/www.ovwg.at\/en\/imprint\/\" \/>\n<meta property=\"og:locale\" content=\"en_US\" \/>\n<meta property=\"og:type\" content=\"article\" \/>\n<meta property=\"og:title\" content=\"Imprint - OVWG - \u00d6sterreichische Vereinigung f\u00fcr Wetten &amp; Gl\u00fccksspiel\" \/>\n<meta property=\"og:url\" content=\"https:\/\/www.ovwg.at\/en\/imprint\/\" \/>\n<meta property=\"og:site_name\" content=\"OVWG - \u00d6sterreichische Vereinigung f\u00fcr Wetten &amp; Gl\u00fccksspiel\" \/>\n<meta property=\"article:modified_time\" content=\"2026-02-16T18:10:05+00:00\" \/>\n<meta name=\"twitter:card\" content=\"summary_large_image\" \/>\n<meta name=\"twitter:label1\" content=\"Est. reading time\" \/>\n\t<meta name=\"twitter:data1\" content=\"2 minutes\" \/>\n<script type=\"application\/ld+json\" class=\"yoast-schema-graph\">{\"@context\":\"https:\\\/\\\/schema.org\",\"@graph\":[{\"@type\":\"WebPage\",\"@id\":\"https:\\\/\\\/www.ovwg.at\\\/en\\\/imprint\\\/\",\"url\":\"https:\\\/\\\/www.ovwg.at\\\/en\\\/imprint\\\/\",\"name\":\"Imprint - OVWG - \u00d6sterreichische Vereinigung f\u00fcr Wetten &amp; Gl\u00fccksspiel\",\"isPartOf\":{\"@id\":\"https:\\\/\\\/www.ovwg.at\\\/#website\"},\"datePublished\":\"2019-03-19T10:28:19+00:00\",\"dateModified\":\"2026-02-16T18:10:05+00:00\",\"breadcrumb\":{\"@id\":\"https:\\\/\\\/www.ovwg.at\\\/en\\\/imprint\\\/#breadcrumb\"},\"inLanguage\":\"en-US\",\"potentialAction\":[{\"@type\":\"ReadAction\",\"target\":[\"https:\\\/\\\/www.ovwg.at\\\/en\\\/imprint\\\/\"]}]},{\"@type\":\"BreadcrumbList\",\"@id\":\"https:\\\/\\\/www.ovwg.at\\\/en\\\/imprint\\\/#breadcrumb\",\"itemListElement\":[{\"@type\":\"ListItem\",\"position\":1,\"name\":\"Startseite\",\"item\":\"https:\\\/\\\/www.ovwg.at\\\/en\\\/\"},{\"@type\":\"ListItem\",\"position\":2,\"name\":\"Imprint\"}]},{\"@type\":\"WebSite\",\"@id\":\"https:\\\/\\\/www.ovwg.at\\\/#website\",\"url\":\"https:\\\/\\\/www.ovwg.at\\\/\",\"name\":\"OVWG - \u00d6sterreichische Vereinigung f\u00fcr Wetten &amp; Gl\u00fccksspiel\",\"description\":\"\",\"potentialAction\":[{\"@type\":\"SearchAction\",\"target\":{\"@type\":\"EntryPoint\",\"urlTemplate\":\"https:\\\/\\\/www.ovwg.at\\\/?s={search_term_string}\"},\"query-input\":{\"@type\":\"PropertyValueSpecification\",\"valueRequired\":true,\"valueName\":\"search_term_string\"}}],\"inLanguage\":\"en-US\"}]}<\/script>\n<!-- \/ Yoast SEO plugin. -->","yoast_head_json":{"title":"Imprint - OVWG - \u00d6sterreichische Vereinigung f\u00fcr Wetten &amp; Gl\u00fccksspiel","robots":{"index":"index","follow":"follow","max-snippet":"max-snippet:-1","max-image-preview":"max-image-preview:large","max-video-preview":"max-video-preview:-1"},"canonical":"https:\/\/www.ovwg.at\/en\/imprint\/","og_locale":"en_US","og_type":"article","og_title":"Imprint - OVWG - \u00d6sterreichische Vereinigung f\u00fcr Wetten &amp; Gl\u00fccksspiel","og_url":"https:\/\/www.ovwg.at\/en\/imprint\/","og_site_name":"OVWG - \u00d6sterreichische Vereinigung f\u00fcr Wetten &amp; Gl\u00fccksspiel","article_modified_time":"2026-02-16T18:10:05+00:00","twitter_card":"summary_large_image","twitter_misc":{"Est. reading time":"2 minutes"},"schema":{"@context":"https:\/\/schema.org","@graph":[{"@type":"WebPage","@id":"https:\/\/www.ovwg.at\/en\/imprint\/","url":"https:\/\/www.ovwg.at\/en\/imprint\/","name":"Imprint - OVWG - \u00d6sterreichische Vereinigung f\u00fcr Wetten &amp; Gl\u00fccksspiel","isPartOf":{"@id":"https:\/\/www.ovwg.at\/#website"},"datePublished":"2019-03-19T10:28:19+00:00","dateModified":"2026-02-16T18:10:05+00:00","breadcrumb":{"@id":"https:\/\/www.ovwg.at\/en\/imprint\/#breadcrumb"},"inLanguage":"en-US","potentialAction":[{"@type":"ReadAction","target":["https:\/\/www.ovwg.at\/en\/imprint\/"]}]},{"@type":"BreadcrumbList","@id":"https:\/\/www.ovwg.at\/en\/imprint\/#breadcrumb","itemListElement":[{"@type":"ListItem","position":1,"name":"Startseite","item":"https:\/\/www.ovwg.at\/en\/"},{"@type":"ListItem","position":2,"name":"Imprint"}]},{"@type":"WebSite","@id":"https:\/\/www.ovwg.at\/#website","url":"https:\/\/www.ovwg.at\/","name":"OVWG - \u00d6sterreichische Vereinigung f\u00fcr Wetten &amp; Gl\u00fccksspiel","description":"","potentialAction":[{"@type":"SearchAction","target":{"@type":"EntryPoint","urlTemplate":"https:\/\/www.ovwg.at\/?s={search_term_string}"},"query-input":{"@type":"PropertyValueSpecification","valueRequired":true,"valueName":"search_term_string"}}],"inLanguage":"en-US"}]}},"_links":{"self":[{"href":"https:\/\/www.ovwg.at\/en\/wp-json\/wp\/v2\/pages\/1701","targetHints":{"allow":["GET"]}}],"collection":[{"href":"https:\/\/www.ovwg.at\/en\/wp-json\/wp\/v2\/pages"}],"about":[{"href":"https:\/\/www.ovwg.at\/en\/wp-json\/wp\/v2\/types\/page"}],"author":[{"embeddable":true,"href":"https:\/\/www.ovwg.at\/en\/wp-json\/wp\/v2\/users\/1"}],"replies":[{"embeddable":true,"href":"https:\/\/www.ovwg.at\/en\/wp-json\/wp\/v2\/comments?post=1701"}],"version-history":[{"count":4,"href":"https:\/\/www.ovwg.at\/en\/wp-json\/wp\/v2\/pages\/1701\/revisions"}],"predecessor-version":[{"id":4620,"href":"https:\/\/www.ovwg.at\/en\/wp-json\/wp\/v2\/pages\/1701\/revisions\/4620"}],"wp:attachment":[{"href":"https:\/\/www.ovwg.at\/en\/wp-json\/wp\/v2\/media?parent=1701"}],"curies":[{"name":"wp","href":"https:\/\/api.w.org\/{rel}","templated":true}]}}