{"id":1531,"date":"2019-03-18T11:58:27","date_gmt":"2019-03-18T11:58:27","guid":{"rendered":"https:\/\/ovwg.sonicseven.net\/values\/compliance\/"},"modified":"2019-04-02T12:33:21","modified_gmt":"2019-04-02T12:33:21","slug":"compliance","status":"publish","type":"page","link":"https:\/\/www.ovwg.at\/en\/values\/compliance\/","title":{"rendered":"Compliance"},"content":{"rendered":"<p><div class=\"fusion-fullwidth fullwidth-box fusion-builder-row-1 hundred-percent-fullwidth non-hundred-percent-height-scrolling fusion-equal-height-columns\" style=\"--awb-background-position:left top;--awb-border-radius-top-left:0px;--awb-border-radius-top-right:0px;--awb-border-radius-bottom-right:0px;--awb-border-radius-bottom-left:0px;--awb-padding-top:0px;--awb-padding-right:0px;--awb-padding-bottom:0px;--awb-padding-left:0px;--awb-margin-top:0%;--awb-margin-bottom:0%;--awb-border-sizes-top:0px;--awb-border-sizes-bottom:0px;--awb-flex-wrap:wrap;\" ><div class=\"fusion-builder-row fusion-row\"><div class=\"fusion-layout-column fusion_builder_column fusion-builder-column-0 fusion_builder_column_1_2 1_2 fusion-one-half fusion-column-first fusion-no-small-visibility\" style=\"--awb-padding-top:100px;--awb-padding-right:20px;--awb-padding-bottom:100px;--awb-padding-left:20px;--awb-bg-color:#4b75ac;--awb-bg-color-hover:#4b75ac;--awb-bg-size:cover;--awb-margin-bottom:0px;width:50%;width:calc(50% - ( ( 0 ) * 0.5 ) );margin-right: 0px;\"><div class=\"fusion-column-wrapper fusion-flex-column-wrapper-legacy\"><div class=\"fusion-column-content-centered\"><div class=\"fusion-column-content\"><div class=\"fusion-fa-align-center\"><i class=\"fb-icon-element-1 fb-icon-element fontawesome-icon fa-book-open fas circle-no\" style=\"--awb-iconcolor:#ffffff;--awb-iconcolor-hover:#ffffff;--awb-font-size:250px;\"><\/i><\/div><\/div><\/div><div class=\"fusion-clearfix\"><\/div><\/div><\/div><div class=\"fusion-layout-column fusion_builder_column fusion-builder-column-1 fusion_builder_column_1_2 1_2 fusion-one-half fusion-column-last\" style=\"--awb-padding-top:50px;--awb-padding-right:50px;--awb-padding-bottom:50px;--awb-padding-left:50px;--awb-bg-size:cover;--awb-margin-bottom:0px;width:50%;width:calc(50% - ( ( 0 ) * 0.5 ) );\"><div class=\"fusion-column-wrapper fusion-flex-column-wrapper-legacy\"><div class=\"fusion-column-content-centered\"><div class=\"fusion-column-content\"><div class=\"fusion-text fusion-text-1\"><h3>Compliance<\/h3>\n<p>Transparent behaviour in accordance with the law is both self-evident and important for OVWG as a special interest group. Therefore, the board, the Secretary General and all members act transparently and communicate the objectives of the association clearly. The OVWG and its members are happy to provide interested business partners, authorities, politicians and media representatives information on the industries represented in the association.<\/p>\n<\/div><\/div><\/div><div class=\"fusion-clearfix\"><\/div><\/div><\/div><\/div><\/div><div class=\"fusion-fullwidth fullwidth-box fusion-builder-row-2 hundred-percent-fullwidth non-hundred-percent-height-scrolling fusion-equal-height-columns\" style=\"--awb-background-position:left top;--awb-border-radius-top-left:0px;--awb-border-radius-top-right:0px;--awb-border-radius-bottom-right:0px;--awb-border-radius-bottom-left:0px;--awb-padding-top:0px;--awb-padding-right:0px;--awb-padding-bottom:0px;--awb-padding-left:0px;--awb-margin-top:0%;--awb-margin-bottom:0%;--awb-border-sizes-top:0px;--awb-border-sizes-bottom:0px;--awb-flex-wrap:wrap;\" ><div class=\"fusion-builder-row fusion-row\"><div class=\"fusion-layout-column fusion_builder_column fusion-builder-column-2 fusion_builder_column_1_2 1_2 fusion-one-half fusion-column-first\" style=\"--awb-padding-top:50px;--awb-padding-right:50px;--awb-padding-bottom:50px;--awb-padding-left:50px;--awb-bg-size:cover;--awb-margin-bottom:0px;width:50%;width:calc(50% - ( ( 0 ) * 0.5 ) );margin-right: 0px;\"><div class=\"fusion-column-wrapper fusion-flex-column-wrapper-legacy\"><div class=\"fusion-column-content-centered\"><div class=\"fusion-column-content\"><div class=\"fusion-text fusion-text-2\"><h3>Combating money laundering<\/h3>\n<p>The members of the OVWG commit themselves to transparency in order to prevent illegal money flows in connection with betting and gambling in the best possible way. Reporting obligations will of course be met. The members hold internal training courses in order to raise awareness among employees and are in contact with financial institutions in order to act in compliance with the law.<\/p>\n<\/div><\/div><\/div><div class=\"fusion-clearfix\"><\/div><\/div><\/div><div class=\"fusion-layout-column fusion_builder_column fusion-builder-column-3 fusion_builder_column_1_2 1_2 fusion-one-half fusion-column-last fusion-no-small-visibility\" style=\"--awb-padding-top:100px;--awb-padding-right:20px;--awb-padding-bottom:100px;--awb-padding-left:20px;--awb-bg-color:#4b75ac;--awb-bg-color-hover:#4b75ac;--awb-bg-size:cover;--awb-margin-bottom:0px;width:50%;width:calc(50% - ( ( 0 ) * 0.5 ) );\"><div class=\"fusion-column-wrapper fusion-flex-column-wrapper-legacy\"><div class=\"fusion-column-content-centered\"><div class=\"fusion-column-content\"><div class=\"fusion-fa-align-center\"><i class=\"fb-icon-element-2 fb-icon-element fontawesome-icon fa-money-bill-wave fas circle-no\" style=\"--awb-iconcolor:#ffffff;--awb-iconcolor-hover:#ffffff;--awb-font-size:250px;\"><\/i><\/div><\/div><\/div><div class=\"fusion-clearfix\"><\/div><\/div><\/div><\/div><\/div><div class=\"fusion-fullwidth fullwidth-box fusion-builder-row-3 hundred-percent-fullwidth non-hundred-percent-height-scrolling fusion-equal-height-columns\" style=\"--awb-background-position:left top;--awb-border-radius-top-left:0px;--awb-border-radius-top-right:0px;--awb-border-radius-bottom-right:0px;--awb-border-radius-bottom-left:0px;--awb-padding-top:0px;--awb-padding-right:0px;--awb-padding-bottom:0px;--awb-padding-left:0px;--awb-margin-top:0%;--awb-margin-bottom:0%;--awb-border-sizes-top:0px;--awb-border-sizes-bottom:0px;--awb-flex-wrap:wrap;\" ><div class=\"fusion-builder-row fusion-row\"><div class=\"fusion-layout-column fusion_builder_column fusion-builder-column-4 fusion_builder_column_1_2 1_2 fusion-one-half fusion-column-first fusion-no-small-visibility\" style=\"--awb-padding-top:100px;--awb-padding-right:20px;--awb-padding-bottom:100px;--awb-padding-left:20px;--awb-bg-color:#4b75ac;--awb-bg-color-hover:#4b75ac;--awb-bg-size:cover;--awb-margin-bottom:0px;width:50%;width:calc(50% - ( ( 0 ) * 0.5 ) );margin-right: 0px;\"><div class=\"fusion-column-wrapper fusion-flex-column-wrapper-legacy\"><div class=\"fusion-column-content-centered\"><div class=\"fusion-column-content\"><div class=\"fusion-fa-align-center\"><i class=\"fb-icon-element-3 fb-icon-element fontawesome-icon fa-torah fas circle-no\" style=\"--awb-iconcolor:#ffffff;--awb-iconcolor-hover:#ffffff;--awb-font-size:250px;\"><\/i><\/div><\/div><\/div><div class=\"fusion-clearfix\"><\/div><\/div><\/div><div class=\"fusion-layout-column fusion_builder_column fusion-builder-column-5 fusion_builder_column_1_2 1_2 fusion-one-half fusion-column-last\" style=\"--awb-padding-top:50px;--awb-padding-right:50px;--awb-padding-bottom:50px;--awb-padding-left:50px;--awb-bg-size:cover;--awb-margin-bottom:0px;width:50%;width:calc(50% - ( ( 0 ) * 0.5 ) );\"><div class=\"fusion-column-wrapper fusion-flex-column-wrapper-legacy\"><div class=\"fusion-column-content-centered\"><div class=\"fusion-column-content\"><div class=\"fusion-text fusion-text-3\"><h3>List of OVWG criteria for new and existing members<\/h3>\n<p>The criteria listed below are not just formality, they reflect the basic attitude of the association and its members. They represent the conviction that only reputable and licensed providers have a place in this association. That is why the OVWG only welcomes legitimate betting and gambling providers as members.<\/p>\n<p>All OVWG members must meet the following criteria:<\/p>\n<ul>\n<li>Licensed within the EU<\/li>\n<li>Implement active and systematic player protection<\/li>\n<li>Actively and systematically prevent money laundering<\/li>\n<li>Audited by a state-certified auditor<\/li>\n<li>Compliant with tax obligations in Austria<\/li>\n<li>Actively support the objectives of the OVWG<\/li>\n<li>Committed to an open and regulated betting and gambling market<\/li>\n<li>Committed to safe platforms and shops<\/li>\n<li>Committed to providing fair working conditions<\/li>\n<li>Committed to Austria as a business location<\/li>\n<\/ul>\n<\/div><\/div><\/div><div class=\"fusion-clearfix\"><\/div><\/div><\/div><\/div><\/div><div class=\"fusion-fullwidth fullwidth-box fusion-builder-row-4 nonhundred-percent-fullwidth non-hundred-percent-height-scrolling cbequalheight-werte\" style=\"--awb-background-position:left top;--awb-border-radius-top-left:0px;--awb-border-radius-top-right:0px;--awb-border-radius-bottom-right:0px;--awb-border-radius-bottom-left:0px;--awb-padding-top:100px;--awb-padding-bottom:85px;--awb-background-color:#f9f9f9;--awb-border-sizes-top:0px;--awb-border-sizes-bottom:0px;--awb-flex-wrap:wrap;\" ><div class=\"fusion-builder-row fusion-row\"><div class=\"fusion-layout-column fusion_builder_column fusion-builder-column-6 fusion_builder_column_1_1 1_1 fusion-one-full fusion-column-first fusion-column-last\" style=\"--awb-padding-top:2%;--awb-padding-right:11%;--awb-padding-bottom:2%;--awb-padding-left:11%;--awb-bg-size:cover;\"><div class=\"fusion-column-wrapper fusion-flex-column-wrapper-legacy\"><div class=\"fusion-column-content-centered\"><div class=\"fusion-column-content\"><div class=\"fusion-text fusion-text-4\"><h2 style=\"text-align: center;\">Other Values<\/h2>\n<\/div><div class=\"fusion-sep-clear\"><\/div><div class=\"fusion-separator\" style=\"margin-left: auto;margin-right: auto;margin-top:0px;margin-bottom:35px;width:100%;max-width:100px;\"><div class=\"fusion-separator-border sep-single sep-solid\" style=\"--awb-height:20px;--awb-amount:20px;--awb-sep-color:#213d65;border-color:#213d65;border-top-width:2px;\"><\/div><\/div><div class=\"fusion-sep-clear\"><\/div><\/div><\/div><div class=\"fusion-clearfix\"><\/div><\/div><\/div><div class=\"fusion-layout-column fusion_builder_column fusion-builder-column-7 fusion_builder_column_1_1 1_1 fusion-one-full fusion-column-first fusion-column-last\" style=\"--awb-bg-size:cover;--awb-margin-top:3%;--awb-margin-bottom:3%;\"><div class=\"fusion-column-wrapper fusion-flex-column-wrapper-legacy\"><div class=\"fusion-content-boxes content-boxes columns row fusion-columns-3 fusion-columns-total-3 fusion-content-boxes-1 content-boxes-icon-on-top content-left\" style=\"--awb-backgroundcolor:#ffffff;--awb-margin-bottom:20px;--awb-hover-accent-color:#5bdccd;--awb-circle-hover-accent-color:transparent;\" data-animationOffset=\"top-into-view\"><div style=\"--awb-backgroundcolor:#ffffff;\" class=\"fusion-column content-box-column content-box-column content-box-column-1 col-lg-4 col-md-4 col-sm-4 fusion-content-box-hover content-box-column-first-in-row\"><div class=\"col content-box-wrapper content-wrapper-background link-area-box link-type-button-bar icon-hover-animation-fade\" data-link=\"\/en\/values\/corporate-citizenship\/\" data-link-target=\"_self\" data-animationOffset=\"top-into-view\"><div class=\"heading heading-with-icon icon-left\"><a class=\"heading-link\" href=\"\/en\/values\/corporate-citizenship\/\" target=\"_self\"><div class=\"icon\"><i style=\"background-color:transparent;border-color:transparent;height:auto;width: 70px;line-height:normal;font-size:70px;\" aria-hidden=\"true\" class=\"fontawesome-icon fa-users-cog fas circle-no\"><\/i><\/div><h2 class=\"content-box-heading fusion-responsive-typography-calculated\" style=\"--h2_typography-font-size:26px;--fontSize:26;line-height:1.1;\">Corporate Citizenship<\/h2><\/a><\/div><div class=\"fusion-clearfix\"><\/div><div class=\"content-container\">\n<p>Corporate citizenship includes the obligation to obtain a licence in an EU Member State, compliance with the highest standards of player protection, payment of taxes and responsible treatment of employees.<\/p>\n<\/div><div class=\"fusion-clearfix\"><\/div><a class=\" fusion-read-more fusion-button-bar\" href=\"\/en\/values\/corporate-citizenship\/\" target=\"_self\">More Details<\/a><div class=\"fusion-clearfix\"><\/div><\/div><\/div><div style=\"--awb-backgroundcolor:#ffffff;\" class=\"fusion-column content-box-column content-box-column content-box-column-2 col-lg-4 col-md-4 col-sm-4 fusion-content-box-hover \"><div class=\"col content-box-wrapper content-wrapper-background link-area-box link-type-button-bar icon-hover-animation-fade\" data-link=\"\/en\/values\/compliance\" data-link-target=\"_self\" data-animationOffset=\"top-into-view\"><div class=\"heading heading-with-icon icon-left\"><a class=\"heading-link\" href=\"\/en\/values\/compliance\" target=\"_self\"><div class=\"icon\"><i style=\"background-color:transparent;border-color:transparent;height:auto;width: 70px;line-height:normal;font-size:70px;\" aria-hidden=\"true\" class=\"fontawesome-icon fa-balance-scale fas circle-no\"><\/i><\/div><h2 class=\"content-box-heading fusion-responsive-typography-calculated\" style=\"--h2_typography-font-size:26px;--fontSize:26;line-height:1.1;\">Compliance<\/h2><\/a><\/div><div class=\"fusion-clearfix\"><\/div><div class=\"content-container\">\n<p>Transparent and legally compliant conduct is very important for OVWG as a special interest group. Its members act in accordance with the law and communicate the goals of the association transparently.<\/p>\n<\/div><div class=\"fusion-clearfix\"><\/div><a class=\" fusion-read-more fusion-button-bar\" href=\"\/en\/values\/compliance\" target=\"_self\">More Details<\/a><div class=\"fusion-clearfix\"><\/div><\/div><\/div><div style=\"--awb-backgroundcolor:#ffffff;\" class=\"fusion-column content-box-column content-box-column content-box-column-3 col-lg-4 col-md-4 col-sm-4 fusion-content-box-hover content-box-column-last content-box-column-last-in-row\"><div class=\"col content-box-wrapper content-wrapper-background link-area-box link-type-button-bar icon-hover-animation-fade\" data-link=\"\/en\/values\/innovation\" data-link-target=\"_self\" data-animationOffset=\"top-into-view\"><div class=\"heading heading-with-icon icon-left\"><a class=\"heading-link\" href=\"\/en\/values\/innovation\" target=\"_self\"><div class=\"icon\"><i style=\"background-color:transparent;border-color:transparent;height:auto;width: 70px;line-height:normal;font-size:70px;\" aria-hidden=\"true\" class=\"fontawesome-icon fa-seedling fas circle-no\"><\/i><\/div><h2 class=\"content-box-heading fusion-responsive-typography-calculated\" style=\"--h2_typography-font-size:26px;--fontSize:26;line-height:1.1;\">Innovation<\/h2><\/a><\/div><div class=\"fusion-clearfix\"><\/div><div class=\"content-container\">\n<p>For entertainment platforms, OVWG members focus on security and innovation. The latest technologies are also used for player protection to ensure efficient monitoring.<\/p>\n<\/div><div class=\"fusion-clearfix\"><\/div><a class=\" fusion-read-more fusion-button-bar\" href=\"\/en\/values\/innovation\" target=\"_self\">More Details<\/a><div class=\"fusion-clearfix\"><\/div><\/div><\/div><div class=\"fusion-clearfix\"><\/div><\/div><div class=\"fusion-clearfix\"><\/div><\/div><\/div><\/div><\/div>\n<\/p>\n","protected":false},"excerpt":{"rendered":"","protected":false},"author":1,"featured_media":0,"parent":1521,"menu_order":0,"comment_status":"closed","ping_status":"closed","template":"100-width.php","meta":{"_monsterinsights_skip_tracking":false,"_monsterinsights_sitenote_active":false,"_monsterinsights_sitenote_note":"","_monsterinsights_sitenote_category":0,"footnotes":""},"class_list":["post-1531","page","type-page","status-publish","hentry"],"acf":[],"yoast_head":"<!-- This site is optimized with the Yoast SEO plugin v27.5 - https:\/\/yoast.com\/product\/yoast-seo-wordpress\/ -->\n<title>Compliance - OVWG - \u00d6sterreichische Vereinigung f\u00fcr Wetten &amp; Gl\u00fccksspiel<\/title>\n<meta name=\"robots\" content=\"index, follow, max-snippet:-1, max-image-preview:large, max-video-preview:-1\" \/>\n<link rel=\"canonical\" href=\"https:\/\/www.ovwg.at\/en\/values\/compliance\/\" \/>\n<meta property=\"og:locale\" content=\"en_US\" \/>\n<meta property=\"og:type\" content=\"article\" \/>\n<meta property=\"og:title\" content=\"Compliance - OVWG - \u00d6sterreichische Vereinigung f\u00fcr Wetten &amp; Gl\u00fccksspiel\" \/>\n<meta property=\"og:url\" content=\"https:\/\/www.ovwg.at\/en\/values\/compliance\/\" \/>\n<meta property=\"og:site_name\" content=\"OVWG - \u00d6sterreichische Vereinigung f\u00fcr Wetten &amp; Gl\u00fccksspiel\" \/>\n<meta property=\"article:modified_time\" content=\"2019-04-02T12:33:21+00:00\" \/>\n<meta name=\"twitter:card\" content=\"summary_large_image\" \/>\n<meta name=\"twitter:label1\" content=\"Est. reading time\" \/>\n\t<meta name=\"twitter:data1\" content=\"6 minutes\" \/>\n<script type=\"application\/ld+json\" class=\"yoast-schema-graph\">{\"@context\":\"https:\\\/\\\/schema.org\",\"@graph\":[{\"@type\":\"WebPage\",\"@id\":\"https:\\\/\\\/www.ovwg.at\\\/en\\\/values\\\/compliance\\\/\",\"url\":\"https:\\\/\\\/www.ovwg.at\\\/en\\\/values\\\/compliance\\\/\",\"name\":\"Compliance - OVWG - \u00d6sterreichische Vereinigung f\u00fcr Wetten &amp; Gl\u00fccksspiel\",\"isPartOf\":{\"@id\":\"https:\\\/\\\/www.ovwg.at\\\/#website\"},\"datePublished\":\"2019-03-18T11:58:27+00:00\",\"dateModified\":\"2019-04-02T12:33:21+00:00\",\"breadcrumb\":{\"@id\":\"https:\\\/\\\/www.ovwg.at\\\/en\\\/values\\\/compliance\\\/#breadcrumb\"},\"inLanguage\":\"en-US\",\"potentialAction\":[{\"@type\":\"ReadAction\",\"target\":[\"https:\\\/\\\/www.ovwg.at\\\/en\\\/values\\\/compliance\\\/\"]}]},{\"@type\":\"BreadcrumbList\",\"@id\":\"https:\\\/\\\/www.ovwg.at\\\/en\\\/values\\\/compliance\\\/#breadcrumb\",\"itemListElement\":[{\"@type\":\"ListItem\",\"position\":1,\"name\":\"Startseite\",\"item\":\"https:\\\/\\\/www.ovwg.at\\\/en\\\/\"},{\"@type\":\"ListItem\",\"position\":2,\"name\":\"Values\",\"item\":\"https:\\\/\\\/www.ovwg.at\\\/en\\\/values\\\/\"},{\"@type\":\"ListItem\",\"position\":3,\"name\":\"Compliance\"}]},{\"@type\":\"WebSite\",\"@id\":\"https:\\\/\\\/www.ovwg.at\\\/#website\",\"url\":\"https:\\\/\\\/www.ovwg.at\\\/\",\"name\":\"OVWG - \u00d6sterreichische Vereinigung f\u00fcr Wetten &amp; Gl\u00fccksspiel\",\"description\":\"\",\"potentialAction\":[{\"@type\":\"SearchAction\",\"target\":{\"@type\":\"EntryPoint\",\"urlTemplate\":\"https:\\\/\\\/www.ovwg.at\\\/?s={search_term_string}\"},\"query-input\":{\"@type\":\"PropertyValueSpecification\",\"valueRequired\":true,\"valueName\":\"search_term_string\"}}],\"inLanguage\":\"en-US\"}]}<\/script>\n<!-- \/ Yoast SEO plugin. -->","yoast_head_json":{"title":"Compliance - OVWG - \u00d6sterreichische Vereinigung f\u00fcr Wetten &amp; Gl\u00fccksspiel","robots":{"index":"index","follow":"follow","max-snippet":"max-snippet:-1","max-image-preview":"max-image-preview:large","max-video-preview":"max-video-preview:-1"},"canonical":"https:\/\/www.ovwg.at\/en\/values\/compliance\/","og_locale":"en_US","og_type":"article","og_title":"Compliance - OVWG - \u00d6sterreichische Vereinigung f\u00fcr Wetten &amp; Gl\u00fccksspiel","og_url":"https:\/\/www.ovwg.at\/en\/values\/compliance\/","og_site_name":"OVWG - \u00d6sterreichische Vereinigung f\u00fcr Wetten &amp; Gl\u00fccksspiel","article_modified_time":"2019-04-02T12:33:21+00:00","twitter_card":"summary_large_image","twitter_misc":{"Est. reading time":"6 minutes"},"schema":{"@context":"https:\/\/schema.org","@graph":[{"@type":"WebPage","@id":"https:\/\/www.ovwg.at\/en\/values\/compliance\/","url":"https:\/\/www.ovwg.at\/en\/values\/compliance\/","name":"Compliance - OVWG - \u00d6sterreichische Vereinigung f\u00fcr Wetten &amp; Gl\u00fccksspiel","isPartOf":{"@id":"https:\/\/www.ovwg.at\/#website"},"datePublished":"2019-03-18T11:58:27+00:00","dateModified":"2019-04-02T12:33:21+00:00","breadcrumb":{"@id":"https:\/\/www.ovwg.at\/en\/values\/compliance\/#breadcrumb"},"inLanguage":"en-US","potentialAction":[{"@type":"ReadAction","target":["https:\/\/www.ovwg.at\/en\/values\/compliance\/"]}]},{"@type":"BreadcrumbList","@id":"https:\/\/www.ovwg.at\/en\/values\/compliance\/#breadcrumb","itemListElement":[{"@type":"ListItem","position":1,"name":"Startseite","item":"https:\/\/www.ovwg.at\/en\/"},{"@type":"ListItem","position":2,"name":"Values","item":"https:\/\/www.ovwg.at\/en\/values\/"},{"@type":"ListItem","position":3,"name":"Compliance"}]},{"@type":"WebSite","@id":"https:\/\/www.ovwg.at\/#website","url":"https:\/\/www.ovwg.at\/","name":"OVWG - \u00d6sterreichische Vereinigung f\u00fcr Wetten &amp; Gl\u00fccksspiel","description":"","potentialAction":[{"@type":"SearchAction","target":{"@type":"EntryPoint","urlTemplate":"https:\/\/www.ovwg.at\/?s={search_term_string}"},"query-input":{"@type":"PropertyValueSpecification","valueRequired":true,"valueName":"search_term_string"}}],"inLanguage":"en-US"}]}},"_links":{"self":[{"href":"https:\/\/www.ovwg.at\/en\/wp-json\/wp\/v2\/pages\/1531","targetHints":{"allow":["GET"]}}],"collection":[{"href":"https:\/\/www.ovwg.at\/en\/wp-json\/wp\/v2\/pages"}],"about":[{"href":"https:\/\/www.ovwg.at\/en\/wp-json\/wp\/v2\/types\/page"}],"author":[{"embeddable":true,"href":"https:\/\/www.ovwg.at\/en\/wp-json\/wp\/v2\/users\/1"}],"replies":[{"embeddable":true,"href":"https:\/\/www.ovwg.at\/en\/wp-json\/wp\/v2\/comments?post=1531"}],"version-history":[{"count":5,"href":"https:\/\/www.ovwg.at\/en\/wp-json\/wp\/v2\/pages\/1531\/revisions"}],"predecessor-version":[{"id":2171,"href":"https:\/\/www.ovwg.at\/en\/wp-json\/wp\/v2\/pages\/1531\/revisions\/2171"}],"up":[{"embeddable":true,"href":"https:\/\/www.ovwg.at\/en\/wp-json\/wp\/v2\/pages\/1521"}],"wp:attachment":[{"href":"https:\/\/www.ovwg.at\/en\/wp-json\/wp\/v2\/media?parent=1531"}],"curies":[{"name":"wp","href":"https:\/\/api.w.org\/{rel}","templated":true}]}}